{"id":20533,"date":"2026-03-13T13:52:33","date_gmt":"2026-03-13T13:52:33","guid":{"rendered":"https:\/\/www.venicekidstours.com\/newsite\/?page_id=20533"},"modified":"2026-03-15T17:01:15","modified_gmt":"2026-03-15T17:01:15","slug":"cose-da-fare-e-da-vedere","status":"publish","type":"page","link":"https:\/\/www.venicekidstours.com\/newsite\/it\/consigli-utili-per-visitare-venezia-con-bambini\/cose-da-fare-e-da-vedere\/","title":{"rendered":"COSE DA FARE E DA VEDERE"},"content":{"rendered":"\t\t<div data-elementor-type=\"wp-page\" data-elementor-id=\"20533\" class=\"elementor elementor-20533\">\n\t\t\t\t<div class=\"elementor-element elementor-element-cf53d84 e-flex e-con-boxed e-con e-parent\" data-id=\"cf53d84\" data-element_type=\"container\" data-e-type=\"container\" data-settings=\"{&quot;jet_parallax_layout_list&quot;:[]}\">\n\t\t\t\t\t<div class=\"e-con-inner\">\n\t\t\t\t<div class=\"elementor-element elementor-element-4d4caa3 elementor-widget elementor-widget-jet-posts\" data-id=\"4d4caa3\" data-element_type=\"widget\" data-e-type=\"widget\" data-settings=\"{&quot;slides_to_scroll&quot;:&quot;3&quot;,&quot;columns_mobile&quot;:&quot;1&quot;,&quot;columns&quot;:3}\" data-widget_type=\"jet-posts.default\">\n\t\t\t\t<div class=\"elementor-widget-container\">\n\t\t\t\t\t<div class=\"elementor-jet-posts jet-elements\"><div class=\"jet-posts col-row \"><div class=\"jet-posts__item\">\n\t<div class=\"jet-posts__inner-box\"><div class=\"post-thumbnail\"><a href=\"https:\/\/www.venicekidstours.com\/newsite\/it\/scopri-venezia-da-una-gondola-con-i-tuoi-bambini\/\" class=\"post-thumbnail__link\"><img loading=\"lazy\" decoding=\"async\" class=\"post-thumbnail__img wp-post-image\" src=\"https:\/\/www.venicekidstours.com\/newsite\/wp-content\/uploads\/2026\/01\/Gondola-alog-the-Grand-Canal-370x265.jpg\" alt=\"Scopri Venezia da una gondola con i tuoi bambini\" loading=\"lazy\" width=\"370\" height=\"265\"><\/a><\/div><div class=\"jet-posts__inner-content\"><h3 class=\"entry-title\"><a href=\"https:\/\/www.venicekidstours.com\/newsite\/it\/scopri-venezia-da-una-gondola-con-i-tuoi-bambini\/\" target=\"_blank\">Scopri Venezia da una gondola con i tuoi bambini<\/a><\/h3><div class=\"jet-more-wrap\"><a href=\"https:\/\/www.venicekidstours.com\/newsite\/it\/scopri-venezia-da-una-gondola-con-i-tuoi-bambini\/\" class=\"btn btn-primary elementor-button elementor-size-md jet-more\" target=\"_blank\"><span class=\"btn__text\">LEGGI DI PI\u00d9<\/span><\/a><\/div><\/div><\/div>\n<\/div>\n<div class=\"jet-posts__item\">\n\t<div class=\"jet-posts__inner-box\"><div class=\"post-thumbnail\"><a href=\"https:\/\/www.venicekidstours.com\/newsite\/it\/shopping-in-famiglia-a-venezia\/\" class=\"post-thumbnail__link\"><img loading=\"lazy\" decoding=\"async\" class=\"post-thumbnail__img wp-post-image\" src=\"https:\/\/www.venicekidstours.com\/newsite\/wp-content\/uploads\/2026\/01\/Shopping-in-Venice-370x265.jpg\" alt=\"Shopping in famiglia a Venezia\" loading=\"lazy\" width=\"370\" height=\"265\"><\/a><\/div><div class=\"jet-posts__inner-content\"><h3 class=\"entry-title\"><a href=\"https:\/\/www.venicekidstours.com\/newsite\/it\/shopping-in-famiglia-a-venezia\/\" target=\"_blank\">Shopping in famiglia a Venezia<\/a><\/h3><div class=\"jet-more-wrap\"><a href=\"https:\/\/www.venicekidstours.com\/newsite\/it\/shopping-in-famiglia-a-venezia\/\" class=\"btn btn-primary elementor-button elementor-size-md jet-more\" target=\"_blank\"><span class=\"btn__text\">LEGGI DI PI\u00d9<\/span><\/a><\/div><\/div><\/div>\n<\/div>\n<div class=\"jet-posts__item\">\n\t<div class=\"jet-posts__inner-box\"><div class=\"post-thumbnail\"><a href=\"https:\/\/www.venicekidstours.com\/newsite\/it\/cosa-fare-a-venezia-durante-il-carnevale\/\" class=\"post-thumbnail__link\"><img loading=\"lazy\" decoding=\"async\" class=\"post-thumbnail__img wp-post-image\" src=\"https:\/\/www.venicekidstours.com\/newsite\/wp-content\/uploads\/2026\/01\/Venice-theatre-at-Carnival-370x265.jpg\" alt=\"Cosa fare a Venezia durante il Carnevale\" loading=\"lazy\" width=\"370\" height=\"265\"><\/a><\/div><div class=\"jet-posts__inner-content\"><h3 class=\"entry-title\"><a href=\"https:\/\/www.venicekidstours.com\/newsite\/it\/cosa-fare-a-venezia-durante-il-carnevale\/\" target=\"_blank\">Cosa fare a Venezia durante il Carnevale<\/a><\/h3><div class=\"jet-more-wrap\"><a href=\"https:\/\/www.venicekidstours.com\/newsite\/it\/cosa-fare-a-venezia-durante-il-carnevale\/\" class=\"btn btn-primary elementor-button elementor-size-md jet-more\" target=\"_blank\"><span class=\"btn__text\">LEGGI DI PI\u00d9<\/span><\/a><\/div><\/div><\/div>\n<\/div>\n<div class=\"jet-posts__item\">\n\t<div class=\"jet-posts__inner-box\"><div class=\"post-thumbnail\"><a href=\"https:\/\/www.venicekidstours.com\/newsite\/it\/cosa-vedere-a-venezia-con-i-bambini-sestiere-per-sestiere\/\" class=\"post-thumbnail__link\"><img loading=\"lazy\" decoding=\"async\" class=\"post-thumbnail__img wp-post-image\" src=\"https:\/\/www.venicekidstours.com\/newsite\/wp-content\/uploads\/2026\/01\/Grand-Canal-with-kids-370x265.jpeg\" alt=\"Cosa vedere a Venezia con i bambini, sestiere per sestiere\" loading=\"lazy\" width=\"370\" height=\"265\"><\/a><\/div><div class=\"jet-posts__inner-content\"><h3 class=\"entry-title\"><a href=\"https:\/\/www.venicekidstours.com\/newsite\/it\/cosa-vedere-a-venezia-con-i-bambini-sestiere-per-sestiere\/\" target=\"_blank\">Cosa vedere a Venezia con i bambini, sestiere per sestiere<\/a><\/h3><div class=\"jet-more-wrap\"><a href=\"https:\/\/www.venicekidstours.com\/newsite\/it\/cosa-vedere-a-venezia-con-i-bambini-sestiere-per-sestiere\/\" class=\"btn btn-primary elementor-button elementor-size-md jet-more\" target=\"_blank\"><span class=\"btn__text\">LEGGI DI PI\u00d9<\/span><\/a><\/div><\/div><\/div>\n<\/div>\n<div class=\"jet-posts__item\">\n\t<div class=\"jet-posts__inner-box\"><div class=\"post-thumbnail\"><a href=\"https:\/\/www.venicekidstours.com\/newsite\/it\/cosa-vedere-a-venezia-con-i-bambini-in-1-2-o-piu-giorni-itinerari-e-consigli\/\" class=\"post-thumbnail__link\"><img loading=\"lazy\" decoding=\"async\" class=\"post-thumbnail__img wp-post-image\" src=\"https:\/\/www.venicekidstours.com\/newsite\/wp-content\/uploads\/2026\/01\/kids-playing-with-the-lion-370x265.jpeg\" alt=\"Cosa vedere a Venezia con i bambini in 1, 2 o pi\u00f9 giorni: itinerari e consigli\" loading=\"lazy\" width=\"370\" height=\"265\"><\/a><\/div><div class=\"jet-posts__inner-content\"><h3 class=\"entry-title\"><a href=\"https:\/\/www.venicekidstours.com\/newsite\/it\/cosa-vedere-a-venezia-con-i-bambini-in-1-2-o-piu-giorni-itinerari-e-consigli\/\" target=\"_blank\">Cosa vedere a Venezia con i bambini in 1, 2 o pi\u00f9 giorni: itinerari e consigli<\/a><\/h3><div class=\"jet-more-wrap\"><a href=\"https:\/\/www.venicekidstours.com\/newsite\/it\/cosa-vedere-a-venezia-con-i-bambini-in-1-2-o-piu-giorni-itinerari-e-consigli\/\" class=\"btn btn-primary elementor-button elementor-size-md jet-more\" target=\"_blank\"><span class=\"btn__text\">LEGGI DI PI\u00d9<\/span><\/a><\/div><\/div><\/div>\n<\/div>\n<div class=\"jet-posts__item\">\n\t<div class=\"jet-posts__inner-box\"><div class=\"post-thumbnail\"><a href=\"https:\/\/www.venicekidstours.com\/newsite\/it\/cosa-fare-a-venezia-con-i-bambini-attivita-e-laboratori-per-famiglie\/\" class=\"post-thumbnail__link\"><img loading=\"lazy\" decoding=\"async\" class=\"post-thumbnail__img wp-post-image\" src=\"https:\/\/www.venicekidstours.com\/newsite\/wp-content\/uploads\/2026\/01\/Kids-in-venice-370x265.jpg\" alt=\"Cosa fare a Venezia con i bambini: attivit\u00e0 e laboratori per famiglie\" loading=\"lazy\" width=\"370\" height=\"265\"><\/a><\/div><div class=\"jet-posts__inner-content\"><h3 class=\"entry-title\"><a href=\"https:\/\/www.venicekidstours.com\/newsite\/it\/cosa-fare-a-venezia-con-i-bambini-attivita-e-laboratori-per-famiglie\/\" target=\"_blank\">Cosa fare a Venezia con i bambini: attivit\u00e0 e laboratori per famiglie<\/a><\/h3><div class=\"jet-more-wrap\"><a href=\"https:\/\/www.venicekidstours.com\/newsite\/it\/cosa-fare-a-venezia-con-i-bambini-attivita-e-laboratori-per-famiglie\/\" class=\"btn btn-primary elementor-button elementor-size-md jet-more\" target=\"_blank\"><span class=\"btn__text\">LEGGI DI PI\u00d9<\/span><\/a><\/div><\/div><\/div>\n<\/div>\n<div class=\"jet-posts__item\">\n\t<div class=\"jet-posts__inner-box\"><div class=\"post-thumbnail\"><a href=\"https:\/\/www.venicekidstours.com\/newsite\/it\/unattivita-imperdibile-a-venezia-per-i-bambini-laboratorio-di-maschere\/\" class=\"post-thumbnail__link\"><img loading=\"lazy\" decoding=\"async\" class=\"post-thumbnail__img wp-post-image\" src=\"https:\/\/www.venicekidstours.com\/newsite\/wp-content\/uploads\/2019\/11\/Kids-paintin-masks-in-Venice-370x265.jpg\" alt=\"Un\u2019attivit\u00e0 imperdibile a Venezia per i bambini: laboratorio di maschere\" loading=\"lazy\" width=\"370\" height=\"265\"><\/a><\/div><div class=\"jet-posts__inner-content\"><h3 class=\"entry-title\"><a href=\"https:\/\/www.venicekidstours.com\/newsite\/it\/unattivita-imperdibile-a-venezia-per-i-bambini-laboratorio-di-maschere\/\" target=\"_blank\">Un\u2019attivit\u00e0 imperdibile a Venezia per i bambini: laboratorio di maschere<\/a><\/h3><div class=\"jet-more-wrap\"><a href=\"https:\/\/www.venicekidstours.com\/newsite\/it\/unattivita-imperdibile-a-venezia-per-i-bambini-laboratorio-di-maschere\/\" class=\"btn btn-primary elementor-button elementor-size-md jet-more\" target=\"_blank\"><span class=\"btn__text\">LEGGI DI PI\u00d9<\/span><\/a><\/div><\/div><\/div>\n<\/div>\n<div class=\"jet-posts__item\">\n\t<div class=\"jet-posts__inner-box\"><div class=\"post-thumbnail\"><a href=\"https:\/\/www.venicekidstours.com\/newsite\/it\/cosa-fare-con-gli-adolescenti-a-venezia-a-world-of-potential\/\" class=\"post-thumbnail__link\"><img loading=\"lazy\" decoding=\"async\" class=\"post-thumbnail__img wp-post-image\" src=\"https:\/\/www.venicekidstours.com\/newsite\/wp-content\/uploads\/2026\/01\/human-safety-net-venice-370x265.jpg\" alt=\"Cosa fare con gli adolescenti a Venezia: A World of Potential\" loading=\"lazy\" width=\"370\" height=\"265\"><\/a><\/div><div class=\"jet-posts__inner-content\"><h3 class=\"entry-title\"><a href=\"https:\/\/www.venicekidstours.com\/newsite\/it\/cosa-fare-con-gli-adolescenti-a-venezia-a-world-of-potential\/\" target=\"_blank\">Cosa fare con gli adolescenti a Venezia: A World of Potential<\/a><\/h3><div class=\"jet-more-wrap\"><a href=\"https:\/\/www.venicekidstours.com\/newsite\/it\/cosa-fare-con-gli-adolescenti-a-venezia-a-world-of-potential\/\" class=\"btn btn-primary elementor-button elementor-size-md jet-more\" target=\"_blank\"><span class=\"btn__text\">LEGGI DI PI\u00d9<\/span><\/a><\/div><\/div><\/div>\n<\/div>\n<\/div>\n<\/div>\t\t\t\t<\/div>\n\t\t\t\t<\/div>\n\t\t\t\t\t<\/div>\n\t\t\t\t<\/div>\n\t\t\t\t<\/div>\n\t\t","protected":false},"excerpt":{"rendered":"<p>Scopri Venezia da una gondola con i tuoi bambini LEGGI DI PI\u00d9 Shopping in famiglia a Venezia LEGGI DI PI\u00d9 Cosa fare a Venezia durante il Carnevale LEGGI DI PI\u00d9 Cosa vedere a Venezia con i bambini, sestiere per sestiere LEGGI DI PI\u00d9 Cosa vedere a Venezia con i bambini in 1, 2 o pi\u00f9 [&hellip;]<\/p>\n","protected":false},"author":3,"featured_media":0,"parent":17894,"menu_order":0,"comment_status":"closed","ping_status":"closed","template":"","meta":{"footnotes":""},"class_list":["post-20533","page","type-page","status-publish","hentry"],"yoast_head":"<!-- This site is optimized with the Yoast SEO plugin v27.4 - https:\/\/yoast.com\/product\/yoast-seo-wordpress\/ -->\n<title>COSE DA FARE E DA VEDERE - Venice Kids Tours<\/title>\n<meta name=\"description\" content=\"Discover Venice with your family! Read our blog for tips, guides, and insider advice to make your kids\u2019 visit to Venice unforgettable.\" \/>\n<meta name=\"robots\" content=\"noindex, follow, max-snippet:-1, max-image-preview:large, max-video-preview:-1\" \/>\n<meta property=\"og:locale\" content=\"it_IT\" \/>\n<meta property=\"og:type\" content=\"article\" \/>\n<meta property=\"og:title\" content=\"COSE DA FARE E DA VEDERE - Venice Kids Tours\" \/>\n<meta property=\"og:description\" content=\"Discover Venice with your family! Read our blog for tips, guides, and insider advice to make your kids\u2019 visit to Venice unforgettable.\" \/>\n<meta property=\"og:url\" content=\"https:\/\/www.venicekidstours.com\/newsite\/it\/consigli-utili-per-visitare-venezia-con-bambini\/cose-da-fare-e-da-vedere\/\" \/>\n<meta property=\"og:site_name\" content=\"Venice Kids Tours\" \/>\n<meta property=\"article:modified_time\" content=\"2026-03-15T17:01:15+00:00\" \/>\n<meta property=\"og:image\" content=\"https:\/\/www.venicekidstours.com\/newsite\/wp-content\/uploads\/2026\/01\/Gondola-alog-the-Grand-Canal-370x265.jpg\" \/>\n<meta name=\"twitter:card\" content=\"summary_large_image\" \/>\n<meta name=\"twitter:label1\" content=\"Tempo di lettura stimato\" \/>\n\t<meta name=\"twitter:data1\" content=\"3 minuti\" \/>\n<script type=\"application\/ld+json\" class=\"yoast-schema-graph\">{\"@context\":\"https:\\\/\\\/schema.org\",\"@graph\":[{\"@type\":\"WebPage\",\"@id\":\"https:\\\/\\\/www.venicekidstours.com\\\/newsite\\\/it\\\/consigli-utili-per-visitare-venezia-con-bambini\\\/cose-da-fare-e-da-vedere\\\/\",\"url\":\"https:\\\/\\\/www.venicekidstours.com\\\/newsite\\\/it\\\/consigli-utili-per-visitare-venezia-con-bambini\\\/cose-da-fare-e-da-vedere\\\/\",\"name\":\"COSE DA FARE E DA VEDERE - Venice Kids Tours\",\"isPartOf\":{\"@id\":\"https:\\\/\\\/www.venicekidstours.com\\\/newsite\\\/#website\"},\"primaryImageOfPage\":{\"@id\":\"https:\\\/\\\/www.venicekidstours.com\\\/newsite\\\/it\\\/consigli-utili-per-visitare-venezia-con-bambini\\\/cose-da-fare-e-da-vedere\\\/#primaryimage\"},\"image\":{\"@id\":\"https:\\\/\\\/www.venicekidstours.com\\\/newsite\\\/it\\\/consigli-utili-per-visitare-venezia-con-bambini\\\/cose-da-fare-e-da-vedere\\\/#primaryimage\"},\"thumbnailUrl\":\"https:\\\/\\\/www.venicekidstours.com\\\/newsite\\\/wp-content\\\/uploads\\\/2026\\\/01\\\/Gondola-alog-the-Grand-Canal-370x265.jpg\",\"datePublished\":\"2026-03-13T13:52:33+00:00\",\"dateModified\":\"2026-03-15T17:01:15+00:00\",\"description\":\"Discover Venice with your family! Read our blog for tips, guides, and insider advice to make your kids\u2019 visit to Venice unforgettable.\",\"breadcrumb\":{\"@id\":\"https:\\\/\\\/www.venicekidstours.com\\\/newsite\\\/it\\\/consigli-utili-per-visitare-venezia-con-bambini\\\/cose-da-fare-e-da-vedere\\\/#breadcrumb\"},\"inLanguage\":\"it-IT\",\"potentialAction\":[{\"@type\":\"ReadAction\",\"target\":[\"https:\\\/\\\/www.venicekidstours.com\\\/newsite\\\/it\\\/consigli-utili-per-visitare-venezia-con-bambini\\\/cose-da-fare-e-da-vedere\\\/\"]}]},{\"@type\":\"ImageObject\",\"inLanguage\":\"it-IT\",\"@id\":\"https:\\\/\\\/www.venicekidstours.com\\\/newsite\\\/it\\\/consigli-utili-per-visitare-venezia-con-bambini\\\/cose-da-fare-e-da-vedere\\\/#primaryimage\",\"url\":\"https:\\\/\\\/www.venicekidstours.com\\\/newsite\\\/wp-content\\\/uploads\\\/2026\\\/01\\\/Gondola-alog-the-Grand-Canal.jpg\",\"contentUrl\":\"https:\\\/\\\/www.venicekidstours.com\\\/newsite\\\/wp-content\\\/uploads\\\/2026\\\/01\\\/Gondola-alog-the-Grand-Canal.jpg\",\"width\":754,\"height\":538,\"caption\":\"Gondola of Venice\"},{\"@type\":\"BreadcrumbList\",\"@id\":\"https:\\\/\\\/www.venicekidstours.com\\\/newsite\\\/it\\\/consigli-utili-per-visitare-venezia-con-bambini\\\/cose-da-fare-e-da-vedere\\\/#breadcrumb\",\"itemListElement\":[{\"@type\":\"ListItem\",\"position\":1,\"name\":\"Home\",\"item\":\"https:\\\/\\\/www.venicekidstours.com\\\/\"},{\"@type\":\"ListItem\",\"position\":2,\"name\":\"Consigli Utili\",\"item\":\"https:\\\/\\\/www.venicekidstours.com\\\/newsite\\\/it\\\/consigli-utili-per-visitare-venezia-con-bambini\\\/\"},{\"@type\":\"ListItem\",\"position\":3,\"name\":\"COSE DA FARE E DA VEDERE\"}]},{\"@type\":\"WebSite\",\"@id\":\"https:\\\/\\\/www.venicekidstours.com\\\/newsite\\\/#website\",\"url\":\"https:\\\/\\\/www.venicekidstours.com\\\/newsite\\\/\",\"name\":\"Venice Kids Tours\",\"description\":\"for the young and the young at heart!\",\"publisher\":{\"@id\":\"https:\\\/\\\/www.venicekidstours.com\\\/newsite\\\/#organization\"},\"potentialAction\":[{\"@type\":\"SearchAction\",\"target\":{\"@type\":\"EntryPoint\",\"urlTemplate\":\"https:\\\/\\\/www.venicekidstours.com\\\/newsite\\\/?s={search_term_string}\"},\"query-input\":{\"@type\":\"PropertyValueSpecification\",\"valueRequired\":true,\"valueName\":\"search_term_string\"}}],\"inLanguage\":\"it-IT\"},{\"@type\":\"Organization\",\"@id\":\"https:\\\/\\\/www.venicekidstours.com\\\/newsite\\\/#organization\",\"name\":\"Venice Kids Tours\",\"url\":\"https:\\\/\\\/www.venicekidstours.com\\\/newsite\\\/\",\"logo\":{\"@type\":\"ImageObject\",\"inLanguage\":\"it-IT\",\"@id\":\"https:\\\/\\\/www.venicekidstours.com\\\/newsite\\\/#\\\/schema\\\/logo\\\/image\\\/\",\"url\":\"https:\\\/\\\/www.venicekidstours.com\\\/newsite\\\/wp-content\\\/uploads\\\/2025\\\/12\\\/cropped-logo_vkt-x-sito3-1.png\",\"contentUrl\":\"https:\\\/\\\/www.venicekidstours.com\\\/newsite\\\/wp-content\\\/uploads\\\/2025\\\/12\\\/cropped-logo_vkt-x-sito3-1.png\",\"width\":200,\"height\":200,\"caption\":\"Venice Kids Tours\"},\"image\":{\"@id\":\"https:\\\/\\\/www.venicekidstours.com\\\/newsite\\\/#\\\/schema\\\/logo\\\/image\\\/\"}}]}<\/script>\n<!-- \/ Yoast SEO plugin. -->","yoast_head_json":{"title":"COSE DA FARE E DA VEDERE - Venice Kids Tours","description":"Discover Venice with your family! Read our blog for tips, guides, and insider advice to make your kids\u2019 visit to Venice unforgettable.","robots":{"index":"noindex","follow":"follow","max-snippet":"max-snippet:-1","max-image-preview":"max-image-preview:large","max-video-preview":"max-video-preview:-1"},"og_locale":"it_IT","og_type":"article","og_title":"COSE DA FARE E DA VEDERE - Venice Kids Tours","og_description":"Discover Venice with your family! Read our blog for tips, guides, and insider advice to make your kids\u2019 visit to Venice unforgettable.","og_url":"https:\/\/www.venicekidstours.com\/newsite\/it\/consigli-utili-per-visitare-venezia-con-bambini\/cose-da-fare-e-da-vedere\/","og_site_name":"Venice Kids Tours","article_modified_time":"2026-03-15T17:01:15+00:00","og_image":[{"url":"https:\/\/www.venicekidstours.com\/newsite\/wp-content\/uploads\/2026\/01\/Gondola-alog-the-Grand-Canal-370x265.jpg","type":"","width":"","height":""}],"twitter_card":"summary_large_image","twitter_misc":{"Tempo di lettura stimato":"3 minuti"},"schema":{"@context":"https:\/\/schema.org","@graph":[{"@type":"WebPage","@id":"https:\/\/www.venicekidstours.com\/newsite\/it\/consigli-utili-per-visitare-venezia-con-bambini\/cose-da-fare-e-da-vedere\/","url":"https:\/\/www.venicekidstours.com\/newsite\/it\/consigli-utili-per-visitare-venezia-con-bambini\/cose-da-fare-e-da-vedere\/","name":"COSE DA FARE E DA VEDERE - Venice Kids Tours","isPartOf":{"@id":"https:\/\/www.venicekidstours.com\/newsite\/#website"},"primaryImageOfPage":{"@id":"https:\/\/www.venicekidstours.com\/newsite\/it\/consigli-utili-per-visitare-venezia-con-bambini\/cose-da-fare-e-da-vedere\/#primaryimage"},"image":{"@id":"https:\/\/www.venicekidstours.com\/newsite\/it\/consigli-utili-per-visitare-venezia-con-bambini\/cose-da-fare-e-da-vedere\/#primaryimage"},"thumbnailUrl":"https:\/\/www.venicekidstours.com\/newsite\/wp-content\/uploads\/2026\/01\/Gondola-alog-the-Grand-Canal-370x265.jpg","datePublished":"2026-03-13T13:52:33+00:00","dateModified":"2026-03-15T17:01:15+00:00","description":"Discover Venice with your family! Read our blog for tips, guides, and insider advice to make your kids\u2019 visit to Venice unforgettable.","breadcrumb":{"@id":"https:\/\/www.venicekidstours.com\/newsite\/it\/consigli-utili-per-visitare-venezia-con-bambini\/cose-da-fare-e-da-vedere\/#breadcrumb"},"inLanguage":"it-IT","potentialAction":[{"@type":"ReadAction","target":["https:\/\/www.venicekidstours.com\/newsite\/it\/consigli-utili-per-visitare-venezia-con-bambini\/cose-da-fare-e-da-vedere\/"]}]},{"@type":"ImageObject","inLanguage":"it-IT","@id":"https:\/\/www.venicekidstours.com\/newsite\/it\/consigli-utili-per-visitare-venezia-con-bambini\/cose-da-fare-e-da-vedere\/#primaryimage","url":"https:\/\/www.venicekidstours.com\/newsite\/wp-content\/uploads\/2026\/01\/Gondola-alog-the-Grand-Canal.jpg","contentUrl":"https:\/\/www.venicekidstours.com\/newsite\/wp-content\/uploads\/2026\/01\/Gondola-alog-the-Grand-Canal.jpg","width":754,"height":538,"caption":"Gondola of Venice"},{"@type":"BreadcrumbList","@id":"https:\/\/www.venicekidstours.com\/newsite\/it\/consigli-utili-per-visitare-venezia-con-bambini\/cose-da-fare-e-da-vedere\/#breadcrumb","itemListElement":[{"@type":"ListItem","position":1,"name":"Home","item":"https:\/\/www.venicekidstours.com\/"},{"@type":"ListItem","position":2,"name":"Consigli Utili","item":"https:\/\/www.venicekidstours.com\/newsite\/it\/consigli-utili-per-visitare-venezia-con-bambini\/"},{"@type":"ListItem","position":3,"name":"COSE DA FARE E DA VEDERE"}]},{"@type":"WebSite","@id":"https:\/\/www.venicekidstours.com\/newsite\/#website","url":"https:\/\/www.venicekidstours.com\/newsite\/","name":"Venice Kids Tours","description":"for the young and the young at heart!","publisher":{"@id":"https:\/\/www.venicekidstours.com\/newsite\/#organization"},"potentialAction":[{"@type":"SearchAction","target":{"@type":"EntryPoint","urlTemplate":"https:\/\/www.venicekidstours.com\/newsite\/?s={search_term_string}"},"query-input":{"@type":"PropertyValueSpecification","valueRequired":true,"valueName":"search_term_string"}}],"inLanguage":"it-IT"},{"@type":"Organization","@id":"https:\/\/www.venicekidstours.com\/newsite\/#organization","name":"Venice Kids Tours","url":"https:\/\/www.venicekidstours.com\/newsite\/","logo":{"@type":"ImageObject","inLanguage":"it-IT","@id":"https:\/\/www.venicekidstours.com\/newsite\/#\/schema\/logo\/image\/","url":"https:\/\/www.venicekidstours.com\/newsite\/wp-content\/uploads\/2025\/12\/cropped-logo_vkt-x-sito3-1.png","contentUrl":"https:\/\/www.venicekidstours.com\/newsite\/wp-content\/uploads\/2025\/12\/cropped-logo_vkt-x-sito3-1.png","width":200,"height":200,"caption":"Venice Kids Tours"},"image":{"@id":"https:\/\/www.venicekidstours.com\/newsite\/#\/schema\/logo\/image\/"}}]}},"_links":{"self":[{"href":"https:\/\/www.venicekidstours.com\/newsite\/wp-json\/wp\/v2\/pages\/20533","targetHints":{"allow":["GET"]}}],"collection":[{"href":"https:\/\/www.venicekidstours.com\/newsite\/wp-json\/wp\/v2\/pages"}],"about":[{"href":"https:\/\/www.venicekidstours.com\/newsite\/wp-json\/wp\/v2\/types\/page"}],"author":[{"embeddable":true,"href":"https:\/\/www.venicekidstours.com\/newsite\/wp-json\/wp\/v2\/users\/3"}],"replies":[{"embeddable":true,"href":"https:\/\/www.venicekidstours.com\/newsite\/wp-json\/wp\/v2\/comments?post=20533"}],"version-history":[{"count":7,"href":"https:\/\/www.venicekidstours.com\/newsite\/wp-json\/wp\/v2\/pages\/20533\/revisions"}],"predecessor-version":[{"id":20806,"href":"https:\/\/www.venicekidstours.com\/newsite\/wp-json\/wp\/v2\/pages\/20533\/revisions\/20806"}],"up":[{"embeddable":true,"href":"https:\/\/www.venicekidstours.com\/newsite\/wp-json\/wp\/v2\/pages\/17894"}],"wp:attachment":[{"href":"https:\/\/www.venicekidstours.com\/newsite\/wp-json\/wp\/v2\/media?parent=20533"}],"curies":[{"name":"wp","href":"https:\/\/api.w.org\/{rel}","templated":true}]}}