{"id":8982,"date":"2024-02-05T19:02:42","date_gmt":"2024-02-05T18:02:42","guid":{"rendered":"https:\/\/www.venicekidstours.com\/fr\/?page_id=8982"},"modified":"2024-02-06T21:42:04","modified_gmt":"2024-02-06T20:42:04","slug":"visites-pour-les-enfants-dage-prescolaire","status":"publish","type":"page","link":"https:\/\/www.venicekidstours.com\/fr\/visites-pour-les-enfants-dage-prescolaire\/","title":{"rendered":"VISITES POUR LES ENFANTS d&#8217;\u00e2ge pr\u00e9scolaire"},"content":{"rendered":"\t\t<div data-elementor-type=\"wp-page\" data-elementor-id=\"8982\" class=\"elementor elementor-8982\">\n\t\t\t\t\t\t<section class=\"elementor-section elementor-top-section elementor-element elementor-element-6816d6a elementor-section-boxed elementor-section-height-default elementor-section-height-default\" data-id=\"6816d6a\" data-element_type=\"section\">\n\t\t\t\t\t\t<div class=\"elementor-container elementor-column-gap-default\">\n\t\t\t\t\t<div class=\"elementor-column elementor-col-100 elementor-top-column elementor-element elementor-element-ec826b2\" data-id=\"ec826b2\" data-element_type=\"column\">\n\t\t\t<div class=\"elementor-widget-wrap\">\n\t\t\t\t\t\t\t<\/div>\n\t\t<\/div>\n\t\t\t\t\t<\/div>\n\t\t<\/section>\n\t\t\t\t<section class=\"elementor-section elementor-top-section elementor-element elementor-element-4fa7801 elementor-section-boxed elementor-section-height-default elementor-section-height-default\" data-id=\"4fa7801\" data-element_type=\"section\">\n\t\t\t\t\t\t<div class=\"elementor-container elementor-column-gap-default\">\n\t\t\t\t\t<div class=\"elementor-column elementor-col-100 elementor-top-column elementor-element elementor-element-c3d0630\" data-id=\"c3d0630\" data-element_type=\"column\">\n\t\t\t<div class=\"elementor-widget-wrap elementor-element-populated\">\n\t\t\t\t\t\t<div class=\"elementor-element elementor-element-d585c08 elementor-widget elementor-widget-heading\" data-id=\"d585c08\" data-element_type=\"widget\" data-widget_type=\"heading.default\">\n\t\t\t\t<div class=\"elementor-widget-container\">\n\t\t\t\t\t<h1 class=\"elementor-heading-title elementor-size-default\">Activit\u00e9s pour les enfants d'\u00e2ge pr\u00e9scolaire<\/h1>\t\t\t\t<\/div>\n\t\t\t\t<\/div>\n\t\t\t\t\t<\/div>\n\t\t<\/div>\n\t\t\t\t\t<\/div>\n\t\t<\/section>\n\t\t\t\t<section class=\"elementor-section elementor-top-section elementor-element elementor-element-b929715 elementor-section-boxed elementor-section-height-default elementor-section-height-default\" data-id=\"b929715\" data-element_type=\"section\">\n\t\t\t\t\t\t<div class=\"elementor-container elementor-column-gap-default\">\n\t\t\t\t\t<div class=\"elementor-column elementor-col-100 elementor-top-column elementor-element elementor-element-5450e90\" data-id=\"5450e90\" data-element_type=\"column\">\n\t\t\t<div class=\"elementor-widget-wrap elementor-element-populated\">\n\t\t\t\t\t\t<div class=\"elementor-element elementor-element-a9cd825 elementor-widget elementor-widget-spacer\" data-id=\"a9cd825\" data-element_type=\"widget\" data-widget_type=\"spacer.default\">\n\t\t\t\t<div class=\"elementor-widget-container\">\n\t\t\t\t\t\t\t<div class=\"elementor-spacer\">\n\t\t\t<div class=\"elementor-spacer-inner\"><\/div>\n\t\t<\/div>\n\t\t\t\t\t\t<\/div>\n\t\t\t\t<\/div>\n\t\t\t\t<div class=\"elementor-element elementor-element-0f90eea elementor-widget elementor-widget-image\" data-id=\"0f90eea\" data-element_type=\"widget\" data-widget_type=\"image.default\">\n\t\t\t\t<div class=\"elementor-widget-container\">\n\t\t\t\t\t\t\t\t\t\t\t\t\t\t\t<img fetchpriority=\"high\" decoding=\"async\" width=\"300\" height=\"300\" src=\"https:\/\/www.venicekidstours.com\/fr\/wp-content\/uploads\/sites\/4\/2024\/02\/Avatar-Rossana-e-Federica-trasp-light-300x300.png\" class=\"attachment-medium size-medium wp-image-8968\" alt=\"\" srcset=\"https:\/\/www.venicekidstours.com\/fr\/wp-content\/uploads\/sites\/4\/2024\/02\/Avatar-Rossana-e-Federica-trasp-light-300x300.png 300w, https:\/\/www.venicekidstours.com\/fr\/wp-content\/uploads\/sites\/4\/2024\/02\/Avatar-Rossana-e-Federica-trasp-light-150x150.png 150w, https:\/\/www.venicekidstours.com\/fr\/wp-content\/uploads\/sites\/4\/2024\/02\/Avatar-Rossana-e-Federica-trasp-light-768x768.png 768w, https:\/\/www.venicekidstours.com\/fr\/wp-content\/uploads\/sites\/4\/2024\/02\/Avatar-Rossana-e-Federica-trasp-light-400x400.png 400w, https:\/\/www.venicekidstours.com\/fr\/wp-content\/uploads\/sites\/4\/2024\/02\/Avatar-Rossana-e-Federica-trasp-light-460x460.png 460w, https:\/\/www.venicekidstours.com\/fr\/wp-content\/uploads\/sites\/4\/2024\/02\/Avatar-Rossana-e-Federica-trasp-light-900x900.png 900w, https:\/\/www.venicekidstours.com\/fr\/wp-content\/uploads\/sites\/4\/2024\/02\/Avatar-Rossana-e-Federica-trasp-light-78x78.png 78w, https:\/\/www.venicekidstours.com\/fr\/wp-content\/uploads\/sites\/4\/2024\/02\/Avatar-Rossana-e-Federica-trasp-light-260x260.png 260w, https:\/\/www.venicekidstours.com\/fr\/wp-content\/uploads\/sites\/4\/2024\/02\/Avatar-Rossana-e-Federica-trasp-light-675x675.png 675w, https:\/\/www.venicekidstours.com\/fr\/wp-content\/uploads\/sites\/4\/2024\/02\/Avatar-Rossana-e-Federica-trasp-light-286x286.png 286w, https:\/\/www.venicekidstours.com\/fr\/wp-content\/uploads\/sites\/4\/2024\/02\/Avatar-Rossana-e-Federica-trasp-light-450x450.png 450w, https:\/\/www.venicekidstours.com\/fr\/wp-content\/uploads\/sites\/4\/2024\/02\/Avatar-Rossana-e-Federica-trasp-light.png 1000w\" sizes=\"(max-width: 300px) 100vw, 300px\" \/>\t\t\t\t\t\t\t\t\t\t\t\t\t\t\t<\/div>\n\t\t\t\t<\/div>\n\t\t\t\t\t<\/div>\n\t\t<\/div>\n\t\t\t\t\t<\/div>\n\t\t<\/section>\n\t\t\t\t<section class=\"elementor-section elementor-top-section elementor-element elementor-element-8d8f687 elementor-section-boxed elementor-section-height-default elementor-section-height-default\" data-id=\"8d8f687\" data-element_type=\"section\">\n\t\t\t\t\t\t<div class=\"elementor-container elementor-column-gap-default\">\n\t\t\t\t\t<div class=\"elementor-column elementor-col-100 elementor-top-column elementor-element elementor-element-1850166\" data-id=\"1850166\" data-element_type=\"column\">\n\t\t\t<div class=\"elementor-widget-wrap elementor-element-populated\">\n\t\t\t\t\t\t<div class=\"elementor-element elementor-element-6e4e838 elementor-widget elementor-widget-jet-posts\" data-id=\"6e4e838\" data-element_type=\"widget\" data-widget_type=\"jet-posts.default\">\n\t\t\t\t<div class=\"elementor-widget-container\">\n\t\t\t\t\t<div class=\"elementor-jet-posts jet-elements\"><div class=\"jet-posts col-row \"><div class=\"jet-posts__item col-desk-3\">\n\t<div class=\"jet-posts__inner-box\"><div class=\"post-thumbnail\"><a href=\"https:\/\/www.venicekidstours.com\/fr\/blog\/top-tours\/ateliers-et-activites-pour-les-enfants-a-venise\/\" class=\"post-thumbnail__link\"><img loading=\"lazy\" decoding=\"async\" class=\"post-thumbnail__img wp-post-image\" src=\"https:\/\/www.venicekidstours.com\/fr\/wp-content\/uploads\/sites\/4\/2019\/11\/masks-workshop-4-360x203.jpg\" alt=\"Ateliers et activit\u00e9s pour les enfants \u00e0 Venise\" loading=\"lazy\" width=\"360\" height=\"203\"><\/a><\/div><div class=\"jet-posts__inner-content\"><h4 class=\"entry-title\"><a href=\"https:\/\/www.venicekidstours.com\/fr\/blog\/top-tours\/ateliers-et-activites-pour-les-enfants-a-venise\/\">Ateliers et activit\u00e9s pour les enfants \u00e0 Venise<\/a><\/h4><div class=\"jet-more-wrap\"><a href=\"https:\/\/www.venicekidstours.com\/fr\/blog\/top-tours\/ateliers-et-activites-pour-les-enfants-a-venise\/\" class=\"btn btn-primary elementor-button elementor-size-md jet-more\"><span class=\"btn__text\">LISEZ PLUS<\/span><\/a><\/div><\/div><\/div>\n<\/div>\n<div class=\"jet-posts__item col-desk-3\">\n\t<div class=\"jet-posts__inner-box\"><div class=\"post-thumbnail\"><a href=\"https:\/\/www.venicekidstours.com\/fr\/blog\/top-tours\/chasse-au-tresor-dans-le-monde-mysterieux-des-masques-du-carnaval\/\" class=\"post-thumbnail__link\"><img loading=\"lazy\" decoding=\"async\" class=\"post-thumbnail__img wp-post-image\" src=\"https:\/\/www.venicekidstours.com\/fr\/wp-content\/uploads\/sites\/4\/2017\/11\/home-goldoni-360x203.jpg\" alt=\"Chasse au tr\u00e9sor dans le monde myst\u00e9rieux des masques du Carnaval\" loading=\"lazy\" width=\"360\" height=\"203\"><\/a><\/div><div class=\"jet-posts__inner-content\"><h4 class=\"entry-title\"><a href=\"https:\/\/www.venicekidstours.com\/fr\/blog\/top-tours\/chasse-au-tresor-dans-le-monde-mysterieux-des-masques-du-carnaval\/\">Chasse au tr\u00e9sor dans le monde myst\u00e9rieux des masques du Carnaval<\/a><\/h4><div class=\"jet-more-wrap\"><a href=\"https:\/\/www.venicekidstours.com\/fr\/blog\/top-tours\/chasse-au-tresor-dans-le-monde-mysterieux-des-masques-du-carnaval\/\" class=\"btn btn-primary elementor-button elementor-size-md jet-more\"><span class=\"btn__text\">LISEZ PLUS<\/span><\/a><\/div><\/div><\/div>\n<\/div>\n<div class=\"jet-posts__item col-desk-3\">\n\t<div class=\"jet-posts__inner-box\"><div class=\"post-thumbnail\"><a href=\"https:\/\/www.venicekidstours.com\/fr\/blog\/top-tours\/chasse-au-tresor-promenade-sur-les-traces-de-marco-polo\/\" class=\"post-thumbnail__link\"><img loading=\"lazy\" decoding=\"async\" class=\"post-thumbnail__img wp-post-image\" src=\"https:\/\/www.venicekidstours.com\/fr\/wp-content\/uploads\/sites\/4\/2017\/11\/Marco-Polo-home-360x203.jpg\" alt=\"Chasse au tr\u00e9sor : promenade sur les traces de Marco Polo\" loading=\"lazy\" width=\"360\" height=\"203\"><\/a><\/div><div class=\"jet-posts__inner-content\"><h4 class=\"entry-title\"><a href=\"https:\/\/www.venicekidstours.com\/fr\/blog\/top-tours\/chasse-au-tresor-promenade-sur-les-traces-de-marco-polo\/\">Chasse au tr\u00e9sor : promenade sur les traces de Marco Polo<\/a><\/h4><div class=\"jet-more-wrap\"><a href=\"https:\/\/www.venicekidstours.com\/fr\/blog\/top-tours\/chasse-au-tresor-promenade-sur-les-traces-de-marco-polo\/\" class=\"btn btn-primary elementor-button elementor-size-md jet-more\"><span class=\"btn__text\">LISEZ PLUS<\/span><\/a><\/div><\/div><\/div>\n<\/div>\n<\/div>\n<\/div>\t\t\t\t<\/div>\n\t\t\t\t<\/div>\n\t\t\t\t\t<\/div>\n\t\t<\/div>\n\t\t\t\t\t<\/div>\n\t\t<\/section>\n\t\t\t\t<\/div>\n\t\t","protected":false},"excerpt":{"rendered":"<p>Activit\u00e9s pour les enfants d&#8217;\u00e2ge pr\u00e9scolaire Ateliers et activit\u00e9s pour les enfants \u00e0 Venise LISEZ PLUS Chasse au tr\u00e9sor dans le monde myst\u00e9rieux des masques du Carnaval LISEZ PLUS Chasse au tr\u00e9sor : promenade sur les traces de Marco Polo LISEZ PLUS<\/p>\n","protected":false},"author":2,"featured_media":0,"parent":0,"menu_order":0,"comment_status":"closed","ping_status":"closed","template":"","meta":{"footnotes":""},"class_list":["post-8982","page","type-page","status-publish","hentry","has-thumb"],"yoast_head":"<!-- This site is optimized with the Yoast SEO plugin v25.2 - https:\/\/yoast.com\/wordpress\/plugins\/seo\/ -->\n<title>VISITES POUR LES ENFANTS d&#039;\u00e2ge pr\u00e9scolaire - Venice Kids Tours Fran\u00e7ais<\/title>\n<meta name=\"description\" content=\"Si vous voulez d\u00e9couvrir Venise avec vos enfants en vous amusant vous avez besoin de deux guides passionn\u00e9s et avec exp\u00e9rience: Rossana et Federica!\" \/>\n<meta name=\"robots\" content=\"index, follow, max-snippet:-1, max-image-preview:large, max-video-preview:-1\" \/>\n<link rel=\"canonical\" href=\"https:\/\/www.venicekidstours.com\/fr\/visites-pour-les-enfants-dage-prescolaire\/\" \/>\n<meta property=\"og:locale\" content=\"fr_FR\" \/>\n<meta property=\"og:type\" content=\"article\" \/>\n<meta property=\"og:title\" content=\"VISITES POUR LES ENFANTS d&#039;\u00e2ge pr\u00e9scolaire - Venice Kids Tours Fran\u00e7ais\" \/>\n<meta property=\"og:description\" content=\"Si vous voulez d\u00e9couvrir Venise avec vos enfants en vous amusant vous avez besoin de deux guides passionn\u00e9s et avec exp\u00e9rience: Rossana et Federica!\" \/>\n<meta property=\"og:url\" content=\"https:\/\/www.venicekidstours.com\/fr\/visites-pour-les-enfants-dage-prescolaire\/\" \/>\n<meta property=\"og:site_name\" content=\"Venice Kids Tours Fran\u00e7ais\" \/>\n<meta property=\"article:modified_time\" content=\"2024-02-06T20:42:04+00:00\" \/>\n<meta property=\"og:image\" content=\"https:\/\/www.venicekidstours.com\/fr\/wp-content\/uploads\/sites\/4\/2024\/02\/Avatar-Rossana-e-Federica-trasp-light-300x300.png\" \/>\n<meta name=\"twitter:card\" content=\"summary_large_image\" \/>\n<meta name=\"twitter:label1\" content=\"Dur\u00e9e de lecture estim\u00e9e\" \/>\n\t<meta name=\"twitter:data1\" content=\"2 minutes\" \/>\n<script type=\"application\/ld+json\" class=\"yoast-schema-graph\">{\"@context\":\"https:\/\/schema.org\",\"@graph\":[{\"@type\":\"WebPage\",\"@id\":\"https:\/\/www.venicekidstours.com\/fr\/visites-pour-les-enfants-dage-prescolaire\/\",\"url\":\"https:\/\/www.venicekidstours.com\/fr\/visites-pour-les-enfants-dage-prescolaire\/\",\"name\":\"VISITES POUR LES ENFANTS d'\u00e2ge pr\u00e9scolaire - Venice Kids Tours Fran\u00e7ais\",\"isPartOf\":{\"@id\":\"https:\/\/www.venicekidstours.com\/fr\/#website\"},\"primaryImageOfPage\":{\"@id\":\"https:\/\/www.venicekidstours.com\/fr\/visites-pour-les-enfants-dage-prescolaire\/#primaryimage\"},\"image\":{\"@id\":\"https:\/\/www.venicekidstours.com\/fr\/visites-pour-les-enfants-dage-prescolaire\/#primaryimage\"},\"thumbnailUrl\":\"https:\/\/www.venicekidstours.com\/fr\/wp-content\/uploads\/sites\/4\/2024\/02\/Avatar-Rossana-e-Federica-trasp-light-300x300.png\",\"datePublished\":\"2024-02-05T18:02:42+00:00\",\"dateModified\":\"2024-02-06T20:42:04+00:00\",\"description\":\"Si vous voulez d\u00e9couvrir Venise avec vos enfants en vous amusant vous avez besoin de deux guides passionn\u00e9s et avec exp\u00e9rience: Rossana et Federica!\",\"breadcrumb\":{\"@id\":\"https:\/\/www.venicekidstours.com\/fr\/visites-pour-les-enfants-dage-prescolaire\/#breadcrumb\"},\"inLanguage\":\"fr-FR\",\"potentialAction\":[{\"@type\":\"ReadAction\",\"target\":[\"https:\/\/www.venicekidstours.com\/fr\/visites-pour-les-enfants-dage-prescolaire\/\"]}]},{\"@type\":\"ImageObject\",\"inLanguage\":\"fr-FR\",\"@id\":\"https:\/\/www.venicekidstours.com\/fr\/visites-pour-les-enfants-dage-prescolaire\/#primaryimage\",\"url\":\"https:\/\/www.venicekidstours.com\/fr\/wp-content\/uploads\/sites\/4\/2024\/02\/Avatar-Rossana-e-Federica-trasp-light.png\",\"contentUrl\":\"https:\/\/www.venicekidstours.com\/fr\/wp-content\/uploads\/sites\/4\/2024\/02\/Avatar-Rossana-e-Federica-trasp-light.png\",\"width\":1000,\"height\":1000},{\"@type\":\"BreadcrumbList\",\"@id\":\"https:\/\/www.venicekidstours.com\/fr\/visites-pour-les-enfants-dage-prescolaire\/#breadcrumb\",\"itemListElement\":[{\"@type\":\"ListItem\",\"position\":1,\"name\":\"Home\",\"item\":\"https:\/\/www.venicekidstours.com\/fr\/\"},{\"@type\":\"ListItem\",\"position\":2,\"name\":\"VISITES POUR LES ENFANTS d&#8217;\u00e2ge pr\u00e9scolaire\"}]},{\"@type\":\"WebSite\",\"@id\":\"https:\/\/www.venicekidstours.com\/fr\/#website\",\"url\":\"https:\/\/www.venicekidstours.com\/fr\/\",\"name\":\"Venice Kids Tours Fran\u00e7ais\",\"description\":\"pour les jeunes et les jeunes de c\u0153ur!\",\"potentialAction\":[{\"@type\":\"SearchAction\",\"target\":{\"@type\":\"EntryPoint\",\"urlTemplate\":\"https:\/\/www.venicekidstours.com\/fr\/?s={search_term_string}\"},\"query-input\":{\"@type\":\"PropertyValueSpecification\",\"valueRequired\":true,\"valueName\":\"search_term_string\"}}],\"inLanguage\":\"fr-FR\"}]}<\/script>\n<!-- \/ Yoast SEO plugin. -->","yoast_head_json":{"title":"VISITES POUR LES ENFANTS d'\u00e2ge pr\u00e9scolaire - Venice Kids Tours Fran\u00e7ais","description":"Si vous voulez d\u00e9couvrir Venise avec vos enfants en vous amusant vous avez besoin de deux guides passionn\u00e9s et avec exp\u00e9rience: Rossana et Federica!","robots":{"index":"index","follow":"follow","max-snippet":"max-snippet:-1","max-image-preview":"max-image-preview:large","max-video-preview":"max-video-preview:-1"},"canonical":"https:\/\/www.venicekidstours.com\/fr\/visites-pour-les-enfants-dage-prescolaire\/","og_locale":"fr_FR","og_type":"article","og_title":"VISITES POUR LES ENFANTS d'\u00e2ge pr\u00e9scolaire - Venice Kids Tours Fran\u00e7ais","og_description":"Si vous voulez d\u00e9couvrir Venise avec vos enfants en vous amusant vous avez besoin de deux guides passionn\u00e9s et avec exp\u00e9rience: Rossana et Federica!","og_url":"https:\/\/www.venicekidstours.com\/fr\/visites-pour-les-enfants-dage-prescolaire\/","og_site_name":"Venice Kids Tours Fran\u00e7ais","article_modified_time":"2024-02-06T20:42:04+00:00","og_image":[{"url":"https:\/\/www.venicekidstours.com\/fr\/wp-content\/uploads\/sites\/4\/2024\/02\/Avatar-Rossana-e-Federica-trasp-light-300x300.png","type":"","width":"","height":""}],"twitter_card":"summary_large_image","twitter_misc":{"Dur\u00e9e de lecture estim\u00e9e":"2 minutes"},"schema":{"@context":"https:\/\/schema.org","@graph":[{"@type":"WebPage","@id":"https:\/\/www.venicekidstours.com\/fr\/visites-pour-les-enfants-dage-prescolaire\/","url":"https:\/\/www.venicekidstours.com\/fr\/visites-pour-les-enfants-dage-prescolaire\/","name":"VISITES POUR LES ENFANTS d'\u00e2ge pr\u00e9scolaire - Venice Kids Tours Fran\u00e7ais","isPartOf":{"@id":"https:\/\/www.venicekidstours.com\/fr\/#website"},"primaryImageOfPage":{"@id":"https:\/\/www.venicekidstours.com\/fr\/visites-pour-les-enfants-dage-prescolaire\/#primaryimage"},"image":{"@id":"https:\/\/www.venicekidstours.com\/fr\/visites-pour-les-enfants-dage-prescolaire\/#primaryimage"},"thumbnailUrl":"https:\/\/www.venicekidstours.com\/fr\/wp-content\/uploads\/sites\/4\/2024\/02\/Avatar-Rossana-e-Federica-trasp-light-300x300.png","datePublished":"2024-02-05T18:02:42+00:00","dateModified":"2024-02-06T20:42:04+00:00","description":"Si vous voulez d\u00e9couvrir Venise avec vos enfants en vous amusant vous avez besoin de deux guides passionn\u00e9s et avec exp\u00e9rience: Rossana et Federica!","breadcrumb":{"@id":"https:\/\/www.venicekidstours.com\/fr\/visites-pour-les-enfants-dage-prescolaire\/#breadcrumb"},"inLanguage":"fr-FR","potentialAction":[{"@type":"ReadAction","target":["https:\/\/www.venicekidstours.com\/fr\/visites-pour-les-enfants-dage-prescolaire\/"]}]},{"@type":"ImageObject","inLanguage":"fr-FR","@id":"https:\/\/www.venicekidstours.com\/fr\/visites-pour-les-enfants-dage-prescolaire\/#primaryimage","url":"https:\/\/www.venicekidstours.com\/fr\/wp-content\/uploads\/sites\/4\/2024\/02\/Avatar-Rossana-e-Federica-trasp-light.png","contentUrl":"https:\/\/www.venicekidstours.com\/fr\/wp-content\/uploads\/sites\/4\/2024\/02\/Avatar-Rossana-e-Federica-trasp-light.png","width":1000,"height":1000},{"@type":"BreadcrumbList","@id":"https:\/\/www.venicekidstours.com\/fr\/visites-pour-les-enfants-dage-prescolaire\/#breadcrumb","itemListElement":[{"@type":"ListItem","position":1,"name":"Home","item":"https:\/\/www.venicekidstours.com\/fr\/"},{"@type":"ListItem","position":2,"name":"VISITES POUR LES ENFANTS d&#8217;\u00e2ge pr\u00e9scolaire"}]},{"@type":"WebSite","@id":"https:\/\/www.venicekidstours.com\/fr\/#website","url":"https:\/\/www.venicekidstours.com\/fr\/","name":"Venice Kids Tours Fran\u00e7ais","description":"pour les jeunes et les jeunes de c\u0153ur!","potentialAction":[{"@type":"SearchAction","target":{"@type":"EntryPoint","urlTemplate":"https:\/\/www.venicekidstours.com\/fr\/?s={search_term_string}"},"query-input":{"@type":"PropertyValueSpecification","valueRequired":true,"valueName":"search_term_string"}}],"inLanguage":"fr-FR"}]}},"_links":{"self":[{"href":"https:\/\/www.venicekidstours.com\/fr\/wp-json\/wp\/v2\/pages\/8982","targetHints":{"allow":["GET"]}}],"collection":[{"href":"https:\/\/www.venicekidstours.com\/fr\/wp-json\/wp\/v2\/pages"}],"about":[{"href":"https:\/\/www.venicekidstours.com\/fr\/wp-json\/wp\/v2\/types\/page"}],"author":[{"embeddable":true,"href":"https:\/\/www.venicekidstours.com\/fr\/wp-json\/wp\/v2\/users\/2"}],"replies":[{"embeddable":true,"href":"https:\/\/www.venicekidstours.com\/fr\/wp-json\/wp\/v2\/comments?post=8982"}],"version-history":[{"count":14,"href":"https:\/\/www.venicekidstours.com\/fr\/wp-json\/wp\/v2\/pages\/8982\/revisions"}],"predecessor-version":[{"id":9000,"href":"https:\/\/www.venicekidstours.com\/fr\/wp-json\/wp\/v2\/pages\/8982\/revisions\/9000"}],"wp:attachment":[{"href":"https:\/\/www.venicekidstours.com\/fr\/wp-json\/wp\/v2\/media?parent=8982"}],"curies":[{"name":"wp","href":"https:\/\/api.w.org\/{rel}","templated":true}]}}